{"id":855,"date":"2016-04-19T18:31:45","date_gmt":"2016-04-19T16:31:45","guid":{"rendered":"https:\/\/giosbe2012.wordpress.com\/contatti\/"},"modified":"2021-10-11T17:04:50","modified_gmt":"2021-10-11T15:04:50","slug":"contatti-2","status":"publish","type":"page","link":"https:\/\/www.giosbe.it\/index.php\/contatti-2\/","title":{"rendered":"Obiettivi"},"content":{"rendered":"<p>[et_pb_section background_image=&#8221;https:\/\/giosbe.it\/wp-content\/uploads\/2017\/01\/Schermata-2017-01-19-a-12.14.47.png&#8221; transparent_background=&#8221;on&#8221; background_color=&#8221;rgba(224,43,32,0.92)&#8221; allow_player_pause=&#8221;off&#8221; inner_shadow=&#8221;off&#8221; parallax=&#8221;off&#8221; parallax_method=&#8221;off&#8221; custom_padding=&#8221;54px|0px|75px|0px&#8221; padding_mobile=&#8221;off&#8221; make_fullwidth=&#8221;off&#8221; use_custom_width=&#8221;off&#8221; width_unit=&#8221;on&#8221; custom_width_px=&#8221;1080px&#8221; custom_width_percent=&#8221;80%&#8221; make_equal=&#8221;off&#8221; use_custom_gutter=&#8221;off&#8221; fullwidth=&#8221;off&#8221; specialty=&#8221;off&#8221; admin_label=&#8221;Sezione&#8221; disabled=&#8221;off&#8221;][et_pb_row make_fullwidth=&#8221;off&#8221; use_custom_width=&#8221;off&#8221; width_unit=&#8221;off&#8221; custom_width_px=&#8221;1080px&#8221; custom_width_percent=&#8221;80%&#8221; use_custom_gutter=&#8221;off&#8221; gutter_width=&#8221;3&#8243; padding_mobile=&#8221;off&#8221; allow_player_pause=&#8221;off&#8221; parallax=&#8221;off&#8221; parallax_method=&#8221;on&#8221; make_equal=&#8221;off&#8221; column_padding_mobile=&#8221;on&#8221; parallax_1=&#8221;off&#8221; parallax_method_1=&#8221;on&#8221; parallax_2=&#8221;off&#8221; parallax_method_2=&#8221;on&#8221; parallax_3=&#8221;off&#8221; parallax_method_3=&#8221;on&#8221; parallax_4=&#8221;off&#8221; parallax_method_4=&#8221;on&#8221; admin_label=&#8221;Riga&#8221; disabled=&#8221;off&#8221;][et_pb_column type=&#8221;1_3&#8243; disabled=&#8221;off&#8221; parallax=&#8221;off&#8221; parallax_method=&#8221;on&#8221; column_padding_mobile=&#8221;on&#8221;][et_pb_text background_layout=&#8221;light&#8221; text_orientation=&#8221;left&#8221; admin_label=&#8221;Testo&#8221; use_border_color=&#8221;off&#8221; border_style=&#8221;solid&#8221; disabled=&#8221;off&#8221;]<\/p>\n<p>&#x1f1ee;&#x1f1ea;<\/p>\n<p>[\/et_pb_text][\/et_pb_column][et_pb_column type=&#8221;1_3&#8243; disabled=&#8221;off&#8221; parallax=&#8221;off&#8221; parallax_method=&#8221;on&#8221; column_padding_mobile=&#8221;on&#8221;][\/et_pb_column][et_pb_column type=&#8221;1_3&#8243; disabled=&#8221;off&#8221; parallax=&#8221;off&#8221; parallax_method=&#8221;on&#8221; column_padding_mobile=&#8221;on&#8221;][\/et_pb_column][\/et_pb_row][\/et_pb_section][et_pb_section transparent_background=&#8221;off&#8221; allow_player_pause=&#8221;off&#8221; inner_shadow=&#8221;off&#8221; parallax=&#8221;off&#8221; parallax_method=&#8221;on&#8221; custom_padding=&#8221;9px|0px|3px|0px&#8221; padding_mobile=&#8221;off&#8221; make_fullwidth=&#8221;off&#8221; use_custom_width=&#8221;off&#8221; width_unit=&#8221;off&#8221; custom_width_px=&#8221;1080px&#8221; custom_width_percent=&#8221;80%&#8221; make_equal=&#8221;off&#8221; use_custom_gutter=&#8221;off&#8221; fullwidth=&#8221;off&#8221; specialty=&#8221;off&#8221; admin_label=&#8221;Sezione&#8221; disabled=&#8221;off&#8221;][et_pb_row make_fullwidth=&#8221;off&#8221; use_custom_width=&#8221;off&#8221; width_unit=&#8221;off&#8221; custom_width_px=&#8221;1080px&#8221; custom_width_percent=&#8221;80%&#8221; use_custom_gutter=&#8221;off&#8221; gutter_width=&#8221;3&#8243; padding_mobile=&#8221;off&#8221; allow_player_pause=&#8221;off&#8221; parallax=&#8221;off&#8221; parallax_method=&#8221;on&#8221; make_equal=&#8221;off&#8221; column_padding_mobile=&#8221;on&#8221; parallax_1=&#8221;off&#8221; parallax_method_1=&#8221;on&#8221; parallax_2=&#8221;off&#8221; parallax_method_2=&#8221;on&#8221; parallax_3=&#8221;off&#8221; parallax_method_3=&#8221;on&#8221; parallax_4=&#8221;off&#8221; parallax_method_4=&#8221;on&#8221; admin_label=&#8221;Riga&#8221; disabled=&#8221;off&#8221;][et_pb_column type=&#8221;1_3&#8243; disabled=&#8221;off&#8221; parallax=&#8221;off&#8221; parallax_method=&#8221;on&#8221; column_padding_mobile=&#8221;on&#8221;][et_pb_image src=&#8221;https:\/\/giosbe.it\/wp-content\/uploads\/2021\/10\/Riabilitazione-e-Osteopatia-nello-Sport.jpg&#8221; title_text=&#8221;NEWS PUBBLICAZIONI SCIENTIFICHE: Riabilitazione e Osteopatia nello Sport. 2021 Padova. PICCIN Nuova Libraria SPA&#8221; show_in_lightbox=&#8221;off&#8221; url=&#8221;https:\/\/www.piccin.it\/it\/fisioterapia-e-riabilitazione\/2770-Riabilitazione-e-Osteopatia-nello-Sport-9788829932016.html&#8221; url_new_window=&#8221;off&#8221; use_overlay=&#8221;off&#8221; sticky=&#8221;off&#8221; align=&#8221;left&#8221; force_fullwidth=&#8221;off&#8221; always_center_on_mobile=&#8221;on&#8221; admin_label=&#8221;news libro osteopatia e sport&#8221; use_border_color=&#8221;off&#8221; border_color=&#8221;#ffffff&#8221; border_width=&#8221;1px&#8221; border_style=&#8221;solid&#8221; disabled=&#8221;off&#8221;] [\/et_pb_image][\/et_pb_column][et_pb_column type=&#8221;2_3&#8243; disabled=&#8221;off&#8221; parallax=&#8221;off&#8221; parallax_method=&#8221;on&#8221; column_padding_mobile=&#8221;on&#8221;][et_pb_text background_layout=&#8221;light&#8221; text_orientation=&#8221;left&#8221; admin_label=&#8221;Testo&#8221; use_border_color=&#8221;off&#8221; border_style=&#8221;solid&#8221; disabled=&#8221;off&#8221;]<\/p>\n<h1 class=\"c-post__title\"><\/h1>\n<h1 class=\"c-post__title\"><\/h1>\n<h1 class=\"c-post__title\"><a href=\"https:\/\/www.piccin.it\/it\/fisioterapia-e-riabilitazione\/2770-Riabilitazione-e-Osteopatia-nello-Sport-9788829932016.html\">In arrivo il testo <strong>\u201cRiabilitazione e Osteopatia nello Sport\u201d<\/strong>,\u00a0 Rosario D\u2019Onofrio, Claudio Civitillo, Marcello Luca Marasco gli autori. Editore Piccin-Padova 2021<\/a><\/h1>\n<p>\u00a0<\/p>\n<div class=\"kvgmc6g5 cxmmr5t8 oygrvhab hcukyx3x c1et5uql ii04i59q\">\n<div dir=\"auto\"><a href=\"https:\/\/www.piccin.it\/it\/fisioterapia-e-riabilitazione\/2770-Riabilitazione-e-Osteopatia-nello-Sport-9788829932016.html\">PICCIN Nuova Libraria S.P.A.<\/a><\/div>\n<div dir=\"auto\"><a href=\"https:\/\/www.piccin.it\/it\/fisioterapia-e-riabilitazione\/2770-Riabilitazione-e-Osteopatia-nello-Sport-9788829932016.html\">Rosario D\u2019Onofrio, Claudio Civitillo,\u00a0 Marcello Luca Marasco <strong>\u201cRIABILITAZIONE E OSTEOPATIA NELLO SPORT\u201d<\/strong><\/a><\/div>\n<div dir=\"auto\"><em>Pratica basata su evidenza scientifica ed esperienza. Innovare nella gestione e cura della persona-atleta.<\/em><\/div>\n<\/div>\n<div class=\"o9v6fnle cxmmr5t8 oygrvhab hcukyx3x c1et5uql ii04i59q\">\n<div dir=\"auto\"><\/div>\n<div dir=\"auto\"><\/div>\n<div dir=\"auto\">DATA PUBBLICAZIONE: ottobre 2021<\/div>\n<div dir=\"auto\">ISBN: 978-88-299-3201-6<\/div>\n<div dir=\"auto\">CODICE PICCIN: 0402670<\/div>\n<div dir=\"auto\">NUMERO PAGINE: 224<\/div>\n<div dir=\"auto\">AUTORI: R. D\u2019Onofrio \u2013 C. Civitillo \u2013 M.L. Marasco<\/div>\n<div dir=\"auto\">RILEGATURA: Cartonato<\/div>\n<\/div>\n<p>[\/et_pb_text][\/et_pb_column][\/et_pb_row][\/et_pb_section][et_pb_section transparent_background=&#8221;off&#8221; allow_player_pause=&#8221;off&#8221; inner_shadow=&#8221;off&#8221; parallax=&#8221;off&#8221; parallax_method=&#8221;on&#8221; custom_padding=&#8221;0px|0px|0px|0px&#8221; padding_mobile=&#8221;off&#8221; make_fullwidth=&#8221;off&#8221; use_custom_width=&#8221;off&#8221; width_unit=&#8221;off&#8221; custom_width_px=&#8221;1080px&#8221; custom_width_percent=&#8221;80%&#8221; make_equal=&#8221;off&#8221; use_custom_gutter=&#8221;off&#8221; fullwidth=&#8221;off&#8221; specialty=&#8221;off&#8221; admin_label=&#8221;Sezione&#8221; disabled=&#8221;off&#8221;][et_pb_row make_fullwidth=&#8221;off&#8221; use_custom_width=&#8221;off&#8221; width_unit=&#8221;off&#8221; custom_width_px=&#8221;1080px&#8221; custom_width_percent=&#8221;80%&#8221; use_custom_gutter=&#8221;off&#8221; gutter_width=&#8221;3&#8243; custom_padding=&#8221;0px|0px|0px|0px&#8221; custom_padding_phone=&#8221;0px|0px|0px|0px&#8221; padding_mobile=&#8221;off&#8221; allow_player_pause=&#8221;off&#8221; parallax=&#8221;off&#8221; parallax_method=&#8221;on&#8221; make_equal=&#8221;off&#8221; column_padding_mobile=&#8221;on&#8221; parallax_1=&#8221;off&#8221; parallax_method_1=&#8221;on&#8221; parallax_2=&#8221;off&#8221; parallax_method_2=&#8221;on&#8221; parallax_3=&#8221;off&#8221; parallax_method_3=&#8221;on&#8221; parallax_4=&#8221;off&#8221; parallax_method_4=&#8221;on&#8221; admin_label=&#8221;Riga&#8221; disabled=&#8221;off&#8221;][et_pb_column type=&#8221;4_4&#8243; disabled=&#8221;off&#8221; parallax=&#8221;off&#8221; parallax_method=&#8221;on&#8221; column_padding_mobile=&#8221;on&#8221;][et_pb_text background_layout=&#8221;light&#8221; text_orientation=&#8221;left&#8221; admin_label=&#8221;in cosa siamo impegnati&#8221; use_border_color=&#8221;off&#8221; border_style=&#8221;solid&#8221; disabled=&#8221;off&#8221;]<\/p>\n<hr \/>\n<\/p>\n<\/p>\n<\/p>\n<p style=\"text-align: center;\"><span style=\"font-size: large;\">&nbsp;<\/span><span style=\"font-size: large;\"><span style=\"font-size: x-large;\"><img draggable=\"false\" class=\"emoji\" alt=\"&#x1f465;\" src=\"https:\/\/s.w.org\/images\/core\/emoji\/2\/svg\/1f465.svg\" \/><span style=\"font-size: large;\"><\/span><\/span> In cosa siamo impegnati..<\/span><\/p>\n<\/p>\n<p style=\"text-align: justify;\">Siamo impegnati a promuovere la cultura e la pratica scientifica in ambito sanitario, applicata all&rsquo;Osteopatia e all&rsquo;Osteopatia in ambito Sportivo.<\/p>\n<\/p>\n<p style=\"text-align: center;\"><span style=\"font-size: x-large;\"><img draggable=\"false\" class=\"emoji\" alt=\"&#x1f465;\" src=\"https:\/\/s.w.org\/images\/core\/emoji\/2\/svg\/1f465.svg\" \/><span style=\"font-size: large;\"> In particolare il gruppo si propone di..<\/span><\/span><\/p>\n<\/p>\n<h4 style=\"text-align: justify;\">\u27b2 Integrare e Utilizzare<\/h4>\n<\/p>\n<p style=\"text-align: justify;\">In ambito della medicina dello sport e riabilitazione sportiva le basi di evidenza della &ldquo;disfunzione somatica&rdquo; in termini di prevenzione e cura..<\/p>\n<\/p>\n<h4 style=\"text-align: justify;\">\u27b2 Distribuire e Incoraggiare<\/h4>\n<\/p>\n<p style=\"text-align: justify;\">Informazioni sulla diagnostica e le possibilit&agrave; terapeutiche dell&rsquo;Osteopathic Sports Care. L&rsquo; accoglienza dell&rsquo;Osteopathic Sports Care in ambito sportivo professionistico e amatoriale, in tutti i livelli di competizione.<\/p>\n<\/p>\n<h4 style=\"text-align: justify;\">\u27b2 Identificare e Informare<\/h4>\n<\/p>\n<p style=\"text-align: justify;\">Nel core-curriculum del professionista che si occupa di Osteopathic Sports Care il set di conoscenze, attitudini e competenze necessarie al colloquio interprofessionale, circa i recenti sviluppi scientifici nel campo di gestione e cura Sportiva e dell&rsquo;Osteopathic Sports Care.<\/p>\n<\/p>\n<\/p>\n<p>[\/et_pb_text][\/et_pb_column][\/et_pb_row][\/et_pb_section][et_pb_section transparent_background=&#8221;off&#8221; background_color=&#8221;#e8e8e8&#8243; allow_player_pause=&#8221;off&#8221; inner_shadow=&#8221;off&#8221; parallax=&#8221;off&#8221; parallax_method=&#8221;off&#8221; custom_padding=&#8221;5px|0px|0px|0px&#8221; padding_mobile=&#8221;off&#8221; make_fullwidth=&#8221;off&#8221; use_custom_width=&#8221;off&#8221; width_unit=&#8221;on&#8221; custom_width_px=&#8221;1080px&#8221; custom_width_percent=&#8221;80%&#8221; make_equal=&#8221;off&#8221; use_custom_gutter=&#8221;off&#8221; fullwidth=&#8221;off&#8221; specialty=&#8221;off&#8221; admin_label=&#8221;Sezione&#8221; disabled=&#8221;off&#8221; locked=&#8221;off&#8221;][et_pb_row make_fullwidth=&#8221;off&#8221; use_custom_width=&#8221;off&#8221; width_unit=&#8221;off&#8221; custom_width_px=&#8221;1080px&#8221; custom_width_percent=&#8221;80%&#8221; use_custom_gutter=&#8221;off&#8221; gutter_width=&#8221;3&#8243; padding_mobile=&#8221;off&#8221; allow_player_pause=&#8221;off&#8221; parallax=&#8221;off&#8221; parallax_method=&#8221;on&#8221; make_equal=&#8221;off&#8221; column_padding_mobile=&#8221;on&#8221; parallax_1=&#8221;off&#8221; parallax_method_1=&#8221;on&#8221; parallax_2=&#8221;off&#8221; parallax_method_2=&#8221;on&#8221; parallax_3=&#8221;off&#8221; parallax_method_3=&#8221;on&#8221; parallax_4=&#8221;off&#8221; parallax_method_4=&#8221;on&#8221; admin_label=&#8221;Riga&#8221; disabled=&#8221;off&#8221;][et_pb_column type=&#8221;1_4&#8243; disabled=&#8221;off&#8221; parallax=&#8221;off&#8221; parallax_method=&#8221;on&#8221; column_padding_mobile=&#8221;on&#8221;][et_pb_text background_layout=&#8221;light&#8221; text_orientation=&#8221;left&#8221; admin_label=&#8221;address&#8221; use_border_color=&#8221;off&#8221; border_style=&#8221;solid&#8221; disabled=&#8221;off&#8221;]<\/p>\n<p><strong>Address: <\/strong><\/p>\n<p>Via Ercole D&#8217;Agnese , 62 Piedimonte Matese (CE) Italy<\/p>\n<p>[\/et_pb_text][\/et_pb_column][et_pb_column type=&#8221;1_4&#8243; disabled=&#8221;off&#8221; parallax=&#8221;off&#8221; parallax_method=&#8221;on&#8221; column_padding_mobile=&#8221;on&#8221;][et_pb_text background_layout=&#8221;light&#8221; text_orientation=&#8221;left&#8221; admin_label=&#8221;phone&#8221; use_border_color=&#8221;off&#8221; border_style=&#8221;solid&#8221; disabled=&#8221;off&#8221;]<\/p>\n<p><strong>Phone: <\/strong><\/p>\n<p>+39 0823 78 50 96<strong><br \/> <\/strong><\/p>\n<p>[\/et_pb_text][\/et_pb_column][et_pb_column type=&#8221;1_4&#8243; disabled=&#8221;off&#8221; parallax=&#8221;off&#8221; parallax_method=&#8221;on&#8221; column_padding_mobile=&#8221;on&#8221;][et_pb_text background_layout=&#8221;light&#8221; text_orientation=&#8221;left&#8221; admin_label=&#8221;businness hour&#8221; use_border_color=&#8221;off&#8221; border_style=&#8221;solid&#8221; disabled=&#8221;off&#8221;]<\/p>\n<p><strong>Businness hours:<br \/> <\/strong><\/p>\n<p>Lunedi, Giovedi 15.00 -19.00<\/p>\n<p>[\/et_pb_text][\/et_pb_column][et_pb_column type=&#8221;1_4&#8243; disabled=&#8221;off&#8221; parallax=&#8221;off&#8221; parallax_method=&#8221;on&#8221; column_padding_mobile=&#8221;on&#8221;][et_pb_text background_layout=&#8221;light&#8221; text_orientation=&#8221;left&#8221; admin_label=&#8221;email&#8221; use_border_color=&#8221;off&#8221; border_style=&#8221;solid&#8221; disabled=&#8221;off&#8221;]<\/p>\n<p><strong>email:<\/strong> segreteria.giosbe@gmail.com<\/p>\n<p>[\/et_pb_text][\/et_pb_column][\/et_pb_row][\/et_pb_section]<\/p>\n","protected":false},"excerpt":{"rendered":"<p>&#x1f1ee;&#x1f1ea; In arrivo il testo \u201cRiabilitazione e Osteopatia nello Sport\u201d,\u00a0 Rosario D\u2019Onofrio, Claudio Civitillo, Marcello Luca Marasco gli autori. Editore Piccin-Padova 2021 \u00a0 PICCIN Nuova Libraria S.P.A. Rosario D\u2019Onofrio, Claudio Civitillo,\u00a0 Marcello Luca Marasco \u201cRIABILITAZIONE E OSTEOPATIA NELLO SPORT\u201d Pratica basata su evidenza scientifica ed esperienza. Innovare nella gestione e cura della persona-atleta. DATA PUBBLICAZIONE: [&hellip;]<\/p>\n","protected":false},"author":1,"featured_media":0,"parent":0,"menu_order":0,"comment_status":"closed","ping_status":"closed","template":"","meta":{"_et_pb_use_builder":"on","_et_pb_old_content":"<p style=\"text-align: justify;\"><strong>Proponi la tua iniziativa scrivi a \u261b segreteria.giosbe@gmail.com<\/strong><\/p>\r\n<p style=\"text-align: justify;\">Il GIOSBE \u00e8 un gruppo di ricerca libero, aperto e apolitico, fondato nel Maggio del 2012 da Claudio Civitillo <a href=\"http:\/\/www.scienze-ricerche.it\/?p=8579\">(Short Bio)<\/a><\/p>\r\n<p style=\"text-align: justify;\">La professione osteopatica, secondo quando emanato dal documento dell'Organizzazione Mondiale della Sanit\u00e0 <strong>[1]<\/strong> ha il dovere di assicurare che i metodi di trattamento e diagnosi osteopatica, e pi\u00f9 specificamente di Osteopathic Manipulative Medicine, siano scientificamente validi in qualsiasi ambito di pratica clinica, come nella Osteopathic Sports Care. Questo deve avvenire attraverso la profonda conoscenza dei concetti correnti della Evidence Based Medicine <strong>[2]<\/strong>, di una produzione di materiale scientifico a supporto di prove, e una formazione adeguata, senza mai trascuare i principi base dell\u2019osteopatia.<\/p>\r\n<p style=\"text-align: justify;\">Il gruppo lavora in ambito multidisciplinare, chiunque sia interessato, e volesse dedicare un p\u00f2 del proprio tempo pu\u00f2 partecipare a progetti di ricerca di gruppo. Se sei un professionista, un tesista, una societ\u00e0 sportiva, un'ente di formazione o di ricerca, un'associazione professionale, un'istituto sanitario, una rivista scientifica, non esitare a contattarci per instaurare una \u261b <a href=\"https:\/\/giosbe2012.wordpress.com\/partnership\/\"><strong>Partnership Scientifica<\/strong>.<\/a><\/p>\r\n<p style=\"text-align: justify;\"><a href=\"https:\/\/giosbe.it\/index.php\/osteopatia-dello-sport\/obiettivi\/\"><strong>Consulta: Obiettivi GIOSBE<\/strong><\/a><\/p>\r\n\r\n\r\n<hr \/>\r\n<p style=\"text-align: justify;\"><strong>Referenze<\/strong><\/p>\r\n<strong>[1]<a href=\"https:\/\/giosbe2012.wordpress.com\/rivista-ufficiale\/#_ednref2\" name=\"_edn2\"><\/a><\/strong> Benchmarks for Training in Osteopathy \u2013 World Health. Disponibile a: <a href=\"http:\/\/apps.who.int\/medicinedocs\/documents\/s17555en\/s17555en.pdf\">http:\/\/apps.who.int\/medicinedocs\/documents\/s17555en\/s17555en.pdf<\/a> . Ultimo accesso il 20\/04\/2016\r\n<p style=\"text-align: justify;\"><strong>[2]<\/strong> Masic I, Miokovic M, and Muhamedagic B. Evidence Based Medicine \u2013 New Approaches and Challenges. Acta Inform Med. 2008; 16(4): 219\u2013225<\/p>\r\n<strong>\u00a0<\/strong>\r\n\r\n<span style=\"border-radius: 2px; text-indent: 20px; width: auto; padding: 0 4px 0 0; text-align: center; font: bold 11px\/20px 'Helvetica Neue', Helvetica, sans-serif; color: #ffffff; background: #bd081c no-repeat scroll 3px 50% \/ 14px 14px; position: absolute; opacity: 1; z-index: 8675309; display: none; cursor: pointer;\">Salva<\/span>\r\n\r\n<span style=\"border-radius: 2px; text-indent: 20px; width: auto; padding: 0 4px 0 0; text-align: center; font: bold 11px\/20px 'Helvetica Neue', Helvetica, sans-serif; color: #ffffff; background: #bd081c no-repeat scroll 3px 50% \/ 14px 14px; position: absolute; opacity: 1; z-index: 8675309; display: none; cursor: pointer;\">Salva<\/span>\r\n\r\n<span style=\"border-radius: 2px; text-indent: 20px; width: auto; padding: 0 4px 0 0; text-align: center; font: bold 11px\/20px 'Helvetica Neue', Helvetica, sans-serif; color: #ffffff; background: #bd081c no-repeat scroll 3px 50% \/ 14px 14px; position: absolute; opacity: 1; z-index: 8675309; display: none; cursor: pointer;\">Salva<\/span>\r\n\r\n<span style=\"border-radius: 2px; text-indent: 20px; width: auto; padding: 0px 4px 0px 0px; text-align: center; font: bold 11px\/20px 'Helvetica Neue',Helvetica,sans-serif; color: #ffffff; background: #bd081c no-repeat scroll 3px 50% \/ 14px 14px; position: absolute; opacity: 1; z-index: 8675309; display: none; cursor: pointer; top: 43px; left: 40px;\">Salva<\/span>","_et_gb_content_width":""},"_links":{"self":[{"href":"https:\/\/www.giosbe.it\/index.php\/wp-json\/wp\/v2\/pages\/855"}],"collection":[{"href":"https:\/\/www.giosbe.it\/index.php\/wp-json\/wp\/v2\/pages"}],"about":[{"href":"https:\/\/www.giosbe.it\/index.php\/wp-json\/wp\/v2\/types\/page"}],"author":[{"embeddable":true,"href":"https:\/\/www.giosbe.it\/index.php\/wp-json\/wp\/v2\/users\/1"}],"replies":[{"embeddable":true,"href":"https:\/\/www.giosbe.it\/index.php\/wp-json\/wp\/v2\/comments?post=855"}],"version-history":[{"count":206,"href":"https:\/\/www.giosbe.it\/index.php\/wp-json\/wp\/v2\/pages\/855\/revisions"}],"predecessor-version":[{"id":3466,"href":"https:\/\/www.giosbe.it\/index.php\/wp-json\/wp\/v2\/pages\/855\/revisions\/3466"}],"wp:attachment":[{"href":"https:\/\/www.giosbe.it\/index.php\/wp-json\/wp\/v2\/media?parent=855"}],"curies":[{"name":"wp","href":"https:\/\/api.w.org\/{rel}","templated":true}]}}